{"id":1803,"date":"2024-11-20T17:42:19","date_gmt":"2024-11-20T17:42:19","guid":{"rendered":"https:\/\/grand-flowers.cz\/?post_type=product&#038;p=1803"},"modified":"2025-02-17T21:54:09","modified_gmt":"2025-02-17T20:54:09","slug":"kinder-joy-surprise","status":"publish","type":"product","link":"https:\/\/grand-flowers.cz\/cz\/produkt\/kinder-joy-surprise\/","title":{"rendered":"Kinder Joy Surprise"},"content":{"rendered":"<p><span style=\"font-weight: 400;\">Ud\u011blejte radost sv\u00fdm bl\u00edzk\u00fdm n\u00e1dhern\u00fdm dortem pln\u00fdm obl\u00edben\u00fdch Kinder sladkost\u00ed: <\/span><b>4 Kinder Joy<\/b><span style=\"font-weight: 400;\">, <\/span><b>2 Kinder Bueno<\/b><span style=\"font-weight: 400;\">, <\/span><b>2 Kinder Happy Hippo<\/b><span style=\"font-weight: 400;\">, <\/span><b>2 Kinder Country<\/b><span style=\"font-weight: 400;\">, <\/span><b>2 Duplo<\/b><span style=\"font-weight: 400;\">, <\/span><b>8 Raffaello<\/b><span style=\"font-weight: 400;\">, <\/span><b>9 Kinder Schoko-Bons<\/b><span style=\"font-weight: 400;\"> a <\/span><b>33 Kinder Chocolate<\/b><span style=\"font-weight: 400;\">. Elegantn\u011b naaran\u017eovan\u00e9 a d\u00e1rkov\u011b zabalen\u00e9, ide\u00e1ln\u00ed jako d\u00e1rek k narozenin\u00e1m, v\u00fdro\u010d\u00ed nebo jen tak. P\u0159idejte osobn\u00ed vzkaz a na\u0161i kur\u00fd\u0159i doru\u010d\u00ed dort v Praze a okol\u00ed ve v\u00e1mi zvolen\u00fd den a \u010das. Sladk\u00e9 p\u0159ekvapen\u00ed, kter\u00e9 pot\u011b\u0161\u00ed ka\u017ed\u00e9ho!<\/span><\/p>\n","protected":false},"excerpt":{"rendered":"<p><span style=\"font-weight: 400;\">D\u00e1rkov\u00fd dort s Kinder sladkostmi, Raffaello a Kinder Joy \u2013 pot\u011b\u0161en\u00ed pro mal\u00e9 i velk\u00e9 milovn\u00edky sladkost\u00ed.<\/span><\/p>\n","protected":false},"featured_media":1735,"comment_status":"open","ping_status":"closed","template":"","meta":[],"product_brand":[],"product_cat":[82],"product_tag":[106,102],"class_list":{"0":"post-1803","1":"product","2":"type-product","3":"status-publish","4":"has-post-thumbnail","6":"product_cat-sladka-dilna","7":"product_tag-kinder","8":"product_tag-raffaello","10":"first","11":"instock","12":"purchasable","13":"product-type-simple"},"_links":{"self":[{"href":"https:\/\/grand-flowers.cz\/cz\/wp-json\/wp\/v2\/product\/1803","targetHints":{"allow":["GET"]}}],"collection":[{"href":"https:\/\/grand-flowers.cz\/cz\/wp-json\/wp\/v2\/product"}],"about":[{"href":"https:\/\/grand-flowers.cz\/cz\/wp-json\/wp\/v2\/types\/product"}],"replies":[{"embeddable":true,"href":"https:\/\/grand-flowers.cz\/cz\/wp-json\/wp\/v2\/comments?post=1803"}],"version-history":[{"count":2,"href":"https:\/\/grand-flowers.cz\/cz\/wp-json\/wp\/v2\/product\/1803\/revisions"}],"predecessor-version":[{"id":1835,"href":"https:\/\/grand-flowers.cz\/cz\/wp-json\/wp\/v2\/product\/1803\/revisions\/1835"}],"wp:featuredmedia":[{"embeddable":true,"href":"https:\/\/grand-flowers.cz\/cz\/wp-json\/wp\/v2\/media\/1735"}],"wp:attachment":[{"href":"https:\/\/grand-flowers.cz\/cz\/wp-json\/wp\/v2\/media?parent=1803"}],"wp:term":[{"taxonomy":"product_brand","embeddable":true,"href":"https:\/\/grand-flowers.cz\/cz\/wp-json\/wp\/v2\/product_brand?post=1803"},{"taxonomy":"product_cat","embeddable":true,"href":"https:\/\/grand-flowers.cz\/cz\/wp-json\/wp\/v2\/product_cat?post=1803"},{"taxonomy":"product_tag","embeddable":true,"href":"https:\/\/grand-flowers.cz\/cz\/wp-json\/wp\/v2\/product_tag?post=1803"}],"curies":[{"name":"wp","href":"https:\/\/api.w.org\/{rel}","templated":true}]}}